{"id":263,"date":"2026-02-26T16:19:05","date_gmt":"2026-02-26T16:19:05","guid":{"rendered":"https:\/\/damascusperfumes.com\/?page_id=263"},"modified":"2026-02-28T13:56:57","modified_gmt":"2026-02-28T13:56:57","slug":"about-us","status":"publish","type":"page","link":"https:\/\/damascusperfumes.com\/de\/about-us\/","title":{"rendered":"\u00dcber uns"},"content":{"rendered":"<div data-elementor-type=\"wp-page\" data-elementor-id=\"263\" class=\"elementor elementor-263\" data-elementor-post-type=\"page\">\n\t\t\t\t\t\t<section class=\"wd-negative-gap elementor-section elementor-top-section elementor-element elementor-element-08ec42e elementor-section-boxed elementor-section-height-default elementor-section-height-default\" data-id=\"08ec42e\" data-element_type=\"section\" data-e-type=\"section\">\n\t\t\t\t\t\t<div class=\"elementor-container elementor-column-gap-default\">\n\t\t\t\t\t<div class=\"elementor-column elementor-col-100 elementor-top-column elementor-element elementor-element-89d35a3\" data-id=\"89d35a3\" data-element_type=\"column\" data-e-type=\"column\">\n\t\t\t<div class=\"elementor-widget-wrap elementor-element-populated\">\n\t\t\t\t\t\t<div class=\"elementor-element elementor-element-ed15bc8 elementor-widget elementor-widget-wd_text_block\" data-id=\"ed15bc8\" data-element_type=\"widget\" data-e-type=\"widget\" data-widget_type=\"wd_text_block.default\">\n\t\t\t\t<div class=\"elementor-widget-container\">\n\t\t\t\t\t\t\t<div class=\"wd-text-block reset-last-child text-left color-title\">\n\t\t\t\n\t\t\t<h2 data-start=\"97\" data-end=\"110\">\u00dcber uns<\/h2><p>Unser Online-Shop spezialisiert sich auf eine gro\u00dfe Auswahl an Oud- und R\u00e4ucherparfums in \u00d6sterreich \u2013 Wien. Mit Fokus auf Qualit\u00e4t und Authentizit\u00e4t stellen wir unsere Kollektion sorgf\u00e4ltig zusammen, damit unsere Kunden echten Luxus und traditionelle D\u00fcfte erleben k\u00f6nnen. Von traditionellen Oud-Parfums bis hin zu modernen Interpretationen deckt unser Sortiment verschiedene Vorlieben ab und bietet eine unvergessliche Sinnesreise. Jedes Produkt wird sorgf\u00e4ltig ausgew\u00e4hlt und hergestellt, um das reiche Erbe der Region sowie ihre zeitgen\u00f6ssische Weiterentwicklung widerzuspiegeln und unseren gesch\u00e4tzten Kunden ein unvergleichliches Dufterlebnis zu bieten.<\/p><p>In unserem Gesch\u00e4ft legen wir gr\u00f6\u00dften Wert auf erstklassigen, pers\u00f6nlichen Service, bei dem Kunden von einer Vielzahl an Angeboten, Rabatten und bequemen Lieferoptionen profitieren k\u00f6nnen. Zudem stellen wir umfassende Informationen zu jedem Produkt bereit, einschlie\u00dflich Inhaltsstoffen, Anwendung und Wirkung, sodass unsere Kunden sicher ausw\u00e4hlen k\u00f6nnen, was am besten zu ihren Bed\u00fcrfnissen passt. Wir sind stolz darauf, ein komfortables und unkompliziertes Einkaufserlebnis \u00fcber unsere Online-Plattform zu bieten, auf der Kunden unsere Produkte bequem durchsuchen und kaufen k\u00f6nnen.<\/p><h2 data-start=\"97\" data-end=\"110\">\u00a0<\/h2><p data-start=\"112\" data-end=\"437\"><strong data-start=\"112\" data-end=\"133\">Damascus Perfumes<\/strong> Entstanden aus der Leidenschaft f\u00fcr authentische arabische Dufttraditionen und dem Wunsch, den Reichtum des Nahen Ostens nach Europa zu bringen. Mit Sitz in \u00d6sterreich sind wir auf hochwertige arabische Parfums, luxuri\u00f6sen Oud und traditionellen Bakhoor spezialisiert \u2013 sorgf\u00e4ltig ausgew\u00e4hlt, um Tiefe, Eleganz und unvergessliche Eindr\u00fccke zu vermitteln.<\/p><p data-start=\"439\" data-end=\"679\">Unsere Kollektionen verbinden Tradition und Handwerkskunst mit moderner Raffinesse. Von intensiven, holzigen Oud-Mischungen \u00fcber s\u00fc\u00dfe orientalische Noten bis hin zu eleganten, von Frankreich inspirierten D\u00fcften \u2013 jedes Parfum wird sorgf\u00e4ltig ausgew\u00e4hlt, um Qualit\u00e4t, Charakter und Individualit\u00e4t widerzuspiegeln.<\/p><p data-start=\"681\" data-end=\"880\">Bei Damascus Perfumes glauben wir, dass ein Duft mehr ist als nur ein Aroma \u2013 er ist Identit\u00e4t, Erinnerung und Emotion. Unsere Mission ist es, unverwechselbare Parfums anzubieten, die von Luxus, Kultur und zeitloser Sch\u00f6nheit erz\u00e4hlen.<\/p>\n\t\t\t\t\t<\/div>\n\t\t\t\t\t\t<\/div>\n\t\t\t\t<\/div>\n\t\t\t\t\t<\/div>\n\t\t<\/div>\n\t\t\t\t\t<\/div>\n\t\t<\/section>\n\t\t\t\t<section class=\"wd-negative-gap elementor-section elementor-top-section elementor-element elementor-element-15c01d2 elementor-section-boxed elementor-section-height-default elementor-section-height-default\" data-id=\"15c01d2\" data-element_type=\"section\" data-e-type=\"section\">\n\t\t\t\t\t\t<div class=\"elementor-container elementor-column-gap-default\">\n\t\t\t\t\t<div class=\"elementor-column elementor-col-100 elementor-top-column elementor-element elementor-element-cce415e\" data-id=\"cce415e\" data-element_type=\"column\" data-e-type=\"column\">\n\t\t\t<div class=\"elementor-widget-wrap elementor-element-populated\">\n\t\t\t\t\t\t<div class=\"elementor-element elementor-element-24cf91b elementor-widget elementor-widget-wd_banner\" data-id=\"24cf91b\" data-element_type=\"widget\" data-e-type=\"widget\" data-widget_type=\"wd_banner.default\">\n\t\t\t\t<div class=\"elementor-widget-container\">\n\t\t\t\t\t\t\t<div class=\"promo-banner-wrapper\">\n\t\t\t<div class=\"promo-banner banner-default banner-hover-none color-scheme- banner-btn-size-default banner-btn-style-default with-btn banner-btn-position-hover wd-with-link\">\n\t\t\t\t<div class=\"main-wrapp-img\">\n\t\t\t\t\t<div class=\"banner-image wd-without-height\">\n\t\t\t\t\t\t\t\t\t\t\t\t\t\t\t\t\t\t\t\t\t\t\t\t\t\t\t\t\t\t\t\t\t\t\t\t\t\t\t<\/div>\n\t\t\t\t<\/div>\n\n\t\t\t\t<div class=\"wrapper-content-banner wd-fill wd-items-top wd-justify-left\">\n\t\t\t\t\t<div class=\"content-banner  text-left\">\n\t\t\t\t\t\t\n\t\t\t\t\t\t\n\t\t\t\t\t\t\n\t\t\t\t\t\t\n\t\t\t\t\t\t\t\t\t\t\t\t\t<div class=\"banner-btn-wrapper\">\n\t\t\t\t\t\t\t\t\t\t<div class=\"wd-button-wrapper text-left\" >\n\t\t\t<a class=\"btn btn-style-default btn-shape-rectangle btn-size-default btn-icon-pos-right\"  href=\"#\">\n\t\t\t\t<span class=\"wd-btn-text\" data-elementor-setting-key=\"text\">\n\t\t\t\t\tMehr erfahren\t\t\t\t<\/span>\n\n\t\t\t\t\t\t\t<\/a>\n\t\t<\/div>\n\t\t\t\t\t\t\t\t\t<\/div>\n\t\t\t\t\t\t\t\t\t\t\t<\/div>\n\t\t\t\t<\/div>\n\n\t\t\t\t\t\t\t\t\t<a href=\"#\" class=\"wd-promo-banner-link wd-fill\" aria-label=\"Banner link\"><\/a>\n\t\t\t\t\t\t\t<\/div>\n\t\t<\/div>\n\t\t\t\t\t\t<\/div>\n\t\t\t\t<\/div>\n\t\t\t\t\t<\/div>\n\t\t<\/div>\n\t\t\t\t\t<\/div>\n\t\t<\/section>\n\t\t\t\t<\/div>","protected":false},"excerpt":{"rendered":"<p>About Us Our online store specializes in offering a wide selection of oud and incense perfumes in the Austria &#8211;<\/p>","protected":false},"author":1,"featured_media":0,"parent":0,"menu_order":0,"comment_status":"closed","ping_status":"closed","template":"elementor_header_footer","meta":{"footnotes":""},"class_list":["post-263","page","type-page","status-publish","hentry"],"_hostinger_reach_plugin_has_subscription_block":false,"_hostinger_reach_plugin_is_elementor":false,"_links":{"self":[{"href":"https:\/\/damascusperfumes.com\/de\/wp-json\/wp\/v2\/pages\/263","targetHints":{"allow":["GET"]}}],"collection":[{"href":"https:\/\/damascusperfumes.com\/de\/wp-json\/wp\/v2\/pages"}],"about":[{"href":"https:\/\/damascusperfumes.com\/de\/wp-json\/wp\/v2\/types\/page"}],"author":[{"embeddable":true,"href":"https:\/\/damascusperfumes.com\/de\/wp-json\/wp\/v2\/users\/1"}],"replies":[{"embeddable":true,"href":"https:\/\/damascusperfumes.com\/de\/wp-json\/wp\/v2\/comments?post=263"}],"version-history":[{"count":16,"href":"https:\/\/damascusperfumes.com\/de\/wp-json\/wp\/v2\/pages\/263\/revisions"}],"predecessor-version":[{"id":678,"href":"https:\/\/damascusperfumes.com\/de\/wp-json\/wp\/v2\/pages\/263\/revisions\/678"}],"wp:attachment":[{"href":"https:\/\/damascusperfumes.com\/de\/wp-json\/wp\/v2\/media?parent=263"}],"curies":[{"name":"wp","href":"https:\/\/api.w.org\/{rel}","templated":true}]}}